{"id":13,"date":"2025-12-21T17:38:04","date_gmt":"2025-12-21T17:38:04","guid":{"rendered":"https:\/\/allpcservices.com\/?page_id=13"},"modified":"2025-12-22T01:10:09","modified_gmt":"2025-12-22T01:10:09","slug":"contact","status":"publish","type":"page","link":"https:\/\/allpcservices.com\/index.php\/contact\/","title":{"rendered":"Contact"},"content":{"rendered":"<style>.kb-row-layout-id13_7c789f-d4 > .kt-row-column-wrap{align-content:start;}:where(.kb-row-layout-id13_7c789f-d4 > .kt-row-column-wrap) > .wp-block-kadence-column{justify-content:start;}.kb-row-layout-id13_7c789f-d4 > .kt-row-column-wrap{column-gap:var(--global-kb-gap-lg, 4rem);row-gap:var(--global-kb-gap-md, 2rem);max-width:var( --global-content-width, 1290px );padding-left:var(--global-content-edge-padding);padding-right:var(--global-content-edge-padding);padding-top:var(--global-kb-spacing-xl, 4rem);padding-bottom:var(--global-kb-spacing-xl, 4rem);grid-template-columns:repeat(2, minmax(0, 1fr));}.kb-row-layout-id13_7c789f-d4{background-color:rgba(237,242,247,0.46);}.kb-row-layout-id13_7c789f-d4 > .kt-row-layout-overlay{opacity:0.30;}@media all and (max-width: 1024px){.kb-row-layout-id13_7c789f-d4 > .kt-row-column-wrap{row-gap:var(--global-kb-gap-sm, 1rem);grid-template-columns:minmax(0, 1fr);}}@media all and (max-width: 767px){.kb-row-layout-id13_7c789f-d4 > .kt-row-column-wrap{row-gap:var(--global-kb-gap-sm, 1rem);grid-template-columns:minmax(0, 1fr);}}<\/style><div class=\"kb-row-layout-wrap kb-row-layout-id13_7c789f-d4 alignfull kt-row-has-bg wp-block-kadence-rowlayout\"><div class=\"kt-row-column-wrap kt-has-2-columns kt-row-layout-equal kt-tab-layout-row kt-mobile-layout-row kt-row-valign-top kb-theme-content-width\">\n<style>.kadence-column13_80c8cf-f3 > .kt-inside-inner-col,.kadence-column13_80c8cf-f3 > .kt-inside-inner-col:before{border-top-left-radius:0px;border-top-right-radius:0px;border-bottom-right-radius:0px;border-bottom-left-radius:0px;}.kadence-column13_80c8cf-f3 > .kt-inside-inner-col{column-gap:var(--global-kb-gap-sm, 1rem);}.kadence-column13_80c8cf-f3 > .kt-inside-inner-col{flex-direction:column;}.kadence-column13_80c8cf-f3 > .kt-inside-inner-col > .aligncenter{width:100%;}.kadence-column13_80c8cf-f3 > .kt-inside-inner-col:before{opacity:0.3;}.kadence-column13_80c8cf-f3{position:relative;}@media all and (max-width: 1024px){.kadence-column13_80c8cf-f3 > .kt-inside-inner-col{flex-direction:column;justify-content:center;}}@media all and (max-width: 767px){.kadence-column13_80c8cf-f3 > .kt-inside-inner-col{flex-direction:column;justify-content:center;}}<\/style>\n<div class=\"wp-block-kadence-column kadence-column13_80c8cf-f3 inner-column-1\"><div class=\"kt-inside-inner-col\"><style>.wp-block-kadence-advancedheading.kt-adv-heading13_57b41e-88, .wp-block-kadence-advancedheading.kt-adv-heading13_57b41e-88[data-kb-block=\"kb-adv-heading13_57b41e-88\"]{padding-bottom:var(--global-kb-spacing-sm, 1.5rem);margin-bottom:0px;font-size:var(--global-kb-font-size-xl, 3rem);line-height:1.2;font-style:normal;}.wp-block-kadence-advancedheading.kt-adv-heading13_57b41e-88 mark.kt-highlight, .wp-block-kadence-advancedheading.kt-adv-heading13_57b41e-88[data-kb-block=\"kb-adv-heading13_57b41e-88\"] mark.kt-highlight{font-style:normal;color:#f76a0c;-webkit-box-decoration-break:clone;box-decoration-break:clone;padding-top:0px;padding-right:0px;padding-bottom:0px;padding-left:0px;}<\/style>\n<h2 class=\"kt-adv-heading13_57b41e-88 wp-block-kadence-advancedheading has-theme-palette-3-color has-text-color\" data-kb-block=\"kb-adv-heading13_57b41e-88\">Contactanos<\/h2>\n\n\n<style>.wp-block-kadence-advancedheading.kt-adv-heading13_d0595c-4b, .wp-block-kadence-advancedheading.kt-adv-heading13_d0595c-4b[data-kb-block=\"kb-adv-heading13_d0595c-4b\"]{font-style:normal;}.wp-block-kadence-advancedheading.kt-adv-heading13_d0595c-4b mark.kt-highlight, .wp-block-kadence-advancedheading.kt-adv-heading13_d0595c-4b[data-kb-block=\"kb-adv-heading13_d0595c-4b\"] mark.kt-highlight{font-style:normal;color:#f76a0c;-webkit-box-decoration-break:clone;box-decoration-break:clone;padding-top:0px;padding-right:0px;padding-bottom:0px;padding-left:0px;}<\/style>\n<p class=\"kt-adv-heading13_d0595c-4b wp-block-kadence-advancedheading has-theme-palette-3-color has-text-color\" data-kb-block=\"kb-adv-heading13_d0595c-4b\">\u00bfNecesitas soporte t\u00e9cnico especializado?<br>Completa el formulario y en <strong>All PC Services<\/strong> te ayudaremos con un diagn\u00f3stico preciso y atenci\u00f3n profesional.<\/p>\n<\/div><\/div>\n\n\n<style>.kadence-column13_2acfa6-88 > .kt-inside-inner-col,.kadence-column13_2acfa6-88 > .kt-inside-inner-col:before{border-top-left-radius:0px;border-top-right-radius:0px;border-bottom-right-radius:0px;border-bottom-left-radius:0px;}.kadence-column13_2acfa6-88 > .kt-inside-inner-col{column-gap:var(--global-kb-gap-sm, 1rem);}.kadence-column13_2acfa6-88 > .kt-inside-inner-col{flex-direction:column;}.kadence-column13_2acfa6-88 > .kt-inside-inner-col > .aligncenter{width:100%;}.kadence-column13_2acfa6-88 > .kt-inside-inner-col:before{opacity:0.3;}.kadence-column13_2acfa6-88{position:relative;}@media all and (max-width: 1024px){.kadence-column13_2acfa6-88 > .kt-inside-inner-col{flex-direction:column;justify-content:center;}}@media all and (max-width: 767px){.kadence-column13_2acfa6-88 > .kt-inside-inner-col{flex-direction:column;justify-content:center;}}<\/style>\n<div class=\"wp-block-kadence-column kadence-column13_2acfa6-88 inner-column-2\"><div class=\"kt-inside-inner-col\"><style>.kadence-form-13_c6c9ed-5b .kb-form .kadence-blocks-form-field .kb-text-style-field, .kadence-form-13_c6c9ed-5b .kb-form .kadence-blocks-form-field .kb-select-style-field{color:var(--global-palette4, #2D3748);background:var(--global-palette9, #ffffff);border-color:var(--global-palette6, #718096);}.kadence-form-13_c6c9ed-5b .kb-form .kadence-blocks-form-field > label{color:var(--global-palette3, #1A202C);}.kb-form input.kadence-blocks-field.verify{opacity:0.0;position:absolute;top:0.0;left:0.0;width:0.0;height:0.0;z-index:-1;}<\/style>\n<div class=\"wp-block-kadence-form kadence-form-13_c6c9ed-5b kb-form-wrap\"><form class=\"kb-form\" action=\"\" method=\"post\"><div class=\"kadence-blocks-form-field kb-field-desk-width-100 kb-input-size-standard\"><label for=\"kb_field_13_c6c9ed-5b_0\">Nombre Completo<span class=\"required\">*<\/span><\/label><input name=\"kb_field_0\" id=\"kb_field_13_c6c9ed-5b_0\" data-label=\"Nombre Completo\" type=\"text\" placeholder=\"\" value=\"\" data-type=\"text\" class=\"kb-field kb-text-style-field kb-text-field kb-field-0\" data-required=\"yes\"\/><\/div><div class=\"kadence-blocks-form-field kb-form-field-1 kb-field-desk-width-100 kb-input-size-standard\"><label for=\"kb_field_13_c6c9ed-5b_1\">Email<span class=\"required\">*<\/span><\/label><input name=\"kb_field_1\" id=\"kb_field_13_c6c9ed-5b_1\" data-label=\"Email\" type=\"email\" placeholder=\"\" value=\"\" data-type=\"email\" class=\"kb-field kb-text-style-field kb-email-field kb-field-1\" data-required=\"yes\"\/><\/div><div class=\"kadence-blocks-form-field kb-form-field-2 kb-field-desk-width-100 kb-input-size-standard\"><label for=\"kb_field_13_c6c9ed-5b_2\">Mensaje<span class=\"required\">*<\/span><\/label><textarea name=\"kb_field_2\" id=\"kb_field_13_c6c9ed-5b_2\" data-label=\"Mensaje\" type=\"textarea\" placeholder=\"\" data-type=\"textarea\" class=\"kb-field kb-text-style-field kb-textarea-field kb-field-2\" rows=\"4\" data-required=\"yes\"><\/textarea><\/div><input type=\"hidden\" name=\"_kb_form_id\" value=\"13_c6c9ed-5b\"\/><input type=\"hidden\" name=\"_kb_form_post_id\" value=\"1039\"\/><input type=\"hidden\" name=\"action\" value=\"kb_process_ajax_submit\"\/><label class=\"kadence-verify-label\">Email<input class=\"kadence-blocks-field verify\" type=\"text\" name=\"_kb_verify_email\" autocomplete=\"new-password\" aria-hidden=\"true\" placeholder=\"Email\" tabindex=\"-1\" data-1p-ignore=\"true\" data-lpignore=\"true\" \/><\/label><div class=\"kadence-blocks-form-field kb-submit-field kb-field-desk-width-100\"><button class=\"kb-forms-submit button kb-button-size-standard kb-button-width-auto\">Enviar Mensaje<\/button><\/div><\/form><\/div>\n<noscript><div class=\"kadence-blocks-form-message kadence-blocks-form-warning\">Please enable JavaScript in your browser to submit the form<\/div><style>.kadence-form-13_c6c9ed-5b .kadence-blocks-form-field.kb-submit-field { display: none; }<\/style><\/noscript><\/div><\/div>\n\n<\/div><\/div>\n\n\n<p><\/p>\n","protected":false},"excerpt":{"rendered":"<p>Contactanos \u00bfNecesitas soporte t\u00e9cnico especializado?Completa el formulario y en All PC Services te ayudaremos con un diagn\u00f3stico preciso y atenci\u00f3n profesional.<\/p>\n","protected":false},"author":1,"featured_media":33,"parent":0,"menu_order":0,"comment_status":"closed","ping_status":"closed","template":"","meta":{"postBodyCss":"","postBodyMargin":[],"postBodyPadding":[],"postBodyBackground":{"backgroundType":"classic","gradient":""},"_kad_post_transparent":"","_kad_post_title":"default","_kad_post_layout":"fullwidth","_kad_post_sidebar_id":"","_kad_post_content_style":"unboxed","_kad_post_vertical_padding":"hide","_kad_post_feature":"","_kad_post_feature_position":"","_kad_post_header":false,"_kad_post_footer":false,"_kad_post_classname":"","footnotes":""},"class_list":["post-13","page","type-page","status-publish","has-post-thumbnail","hentry"],"_links":{"self":[{"href":"https:\/\/allpcservices.com\/index.php\/wp-json\/wp\/v2\/pages\/13","targetHints":{"allow":["GET"]}}],"collection":[{"href":"https:\/\/allpcservices.com\/index.php\/wp-json\/wp\/v2\/pages"}],"about":[{"href":"https:\/\/allpcservices.com\/index.php\/wp-json\/wp\/v2\/types\/page"}],"author":[{"embeddable":true,"href":"https:\/\/allpcservices.com\/index.php\/wp-json\/wp\/v2\/users\/1"}],"replies":[{"embeddable":true,"href":"https:\/\/allpcservices.com\/index.php\/wp-json\/wp\/v2\/comments?post=13"}],"version-history":[{"count":5,"href":"https:\/\/allpcservices.com\/index.php\/wp-json\/wp\/v2\/pages\/13\/revisions"}],"predecessor-version":[{"id":128,"href":"https:\/\/allpcservices.com\/index.php\/wp-json\/wp\/v2\/pages\/13\/revisions\/128"}],"wp:featuredmedia":[{"embeddable":true,"href":"https:\/\/allpcservices.com\/index.php\/wp-json\/wp\/v2\/media\/33"}],"wp:attachment":[{"href":"https:\/\/allpcservices.com\/index.php\/wp-json\/wp\/v2\/media?parent=13"}],"curies":[{"name":"wp","href":"https:\/\/api.w.org\/{rel}","templated":true}]}}